{"id":61,"date":"2017-02-19T22:03:15","date_gmt":"2017-02-19T22:03:15","guid":{"rendered":"http:\/\/saengerblondel.at\/wordpress\/?page_id=61"},"modified":"2025-04-14T12:41:46","modified_gmt":"2025-04-14T12:41:46","slug":"kontakt","status":"publish","type":"page","link":"https:\/\/saengerblondel.at\/?page_id=61","title":{"rendered":"Kontakt"},"content":{"rendered":"<div class=\"kp-header\" lang=\"de-AT\" data-ved=\"2ahUKEwjssMOmgovpAhUzi8MKHWaqADAQ3z56BAgVEAA\">\n<div class=\"fYOrjf kp-hc\">\n<div class=\"NFQFxe Hhmu2e viOShc LKPcQc mod\" lang=\"de-AT\" data-md=\"16\" data-hveid=\"CBUQCg\" data-ved=\"2ahUKEwjssMOmgovpAhUzi8MKHWaqADAQhygoATAMegQIFRAK\">\n<div class=\"Ftghae iirjIb DaSCDf\">\n<div class=\"SPZz6b\">\n<p class=\"kno-ecr-pt PZPZlf gsmt i8lZMc hNKfZe\" data-dtype=\"d3ifr\" data-local-attribute=\"d3bn\" data-attrid=\"title\" data-ved=\"2ahUKEwjssMOmgovpAhUzi8MKHWaqADAQ3B0oADAMegQIFRAL\">Hotel-Restaurant S\u00e4nger Blondel<br \/>\n<span style=\"font-size: revert; color: initial;\">D\u00fcrnstein 64, 3601 D\u00fcrnstein<br \/>\nAustria<\/span><\/p>\n<div class=\"kp-header\" lang=\"de-AT\" data-ved=\"2ahUKEwjssMOmgovpAhUzi8MKHWaqADAQ3z56BAgVEAA\">\n<div class=\"fYOrjf kp-hc\">\n<div class=\"NFQFxe Hhmu2e viOShc LKPcQc mod\" lang=\"de-AT\" data-md=\"16\" data-hveid=\"CBUQCg\" data-ved=\"2ahUKEwjssMOmgovpAhUzi8MKHWaqADAQhygoATAMegQIFRAK\">\n<div class=\"Ftghae iirjIb DaSCDf\">\n<div class=\"SPZz6b\">\n<p class=\"kno-ecr-pt PZPZlf gsmt i8lZMc hNKfZe\" data-dtype=\"d3ifr\" data-local-attribute=\"d3bn\" data-attrid=\"title\" data-ved=\"2ahUKEwjssMOmgovpAhUzi8MKHWaqADAQ3B0oADAMegQIFRAL\">+43 2711 253<\/p>\n<p class=\"kno-ecr-pt PZPZlf gsmt i8lZMc hNKfZe\" data-dtype=\"d3ifr\" data-local-attribute=\"d3bn\" data-attrid=\"title\" data-ved=\"2ahUKEwjssMOmgovpAhUzi8MKHWaqADAQ3B0oADAMegQIFRAL\">saengerblondel@aon.at<\/p>\n<\/div>\n<\/div>\n<\/div>\n<\/div>\n<\/div>\n<div class=\"SALvLe farUxc mJ2Mod\"><\/div>\n<div class=\"SALvLe farUxc mJ2Mod\"><\/div>\n<\/div>\n<\/div>\n<\/div>\n<\/div>\n<\/div>\n","protected":false},"excerpt":{"rendered":"<p>Hotel-Restaurant S\u00e4nger Blondel D\u00fcrnstein 64, 3601 D\u00fcrnstein Austria +43 2711 253 saengerblondel@aon.at<\/p>\n","protected":false},"author":1,"featured_media":0,"parent":0,"menu_order":0,"comment_status":"closed","ping_status":"closed","template":"","meta":{"inline_featured_image":false,"pgc_sgb_lightbox_settings":"","footnotes":""},"class_list":["post-61","page","type-page","status-publish","hentry"],"_links":{"self":[{"href":"https:\/\/saengerblondel.at\/index.php?rest_route=\/wp\/v2\/pages\/61","targetHints":{"allow":["GET"]}}],"collection":[{"href":"https:\/\/saengerblondel.at\/index.php?rest_route=\/wp\/v2\/pages"}],"about":[{"href":"https:\/\/saengerblondel.at\/index.php?rest_route=\/wp\/v2\/types\/page"}],"author":[{"embeddable":true,"href":"https:\/\/saengerblondel.at\/index.php?rest_route=\/wp\/v2\/users\/1"}],"replies":[{"embeddable":true,"href":"https:\/\/saengerblondel.at\/index.php?rest_route=%2Fwp%2Fv2%2Fcomments&post=61"}],"version-history":[{"count":12,"href":"https:\/\/saengerblondel.at\/index.php?rest_route=\/wp\/v2\/pages\/61\/revisions"}],"predecessor-version":[{"id":1397,"href":"https:\/\/saengerblondel.at\/index.php?rest_route=\/wp\/v2\/pages\/61\/revisions\/1397"}],"wp:attachment":[{"href":"https:\/\/saengerblondel.at\/index.php?rest_route=%2Fwp%2Fv2%2Fmedia&parent=61"}],"curies":[{"name":"wp","href":"https:\/\/api.w.org\/{rel}","templated":true}]}}